{"id":288,"date":"2019-12-11T18:08:56","date_gmt":"2019-12-11T18:08:56","guid":{"rendered":"http:\/\/dirkse.eu\/?page_id=288"},"modified":"2020-01-04T15:07:03","modified_gmt":"2020-01-04T15:07:03","slug":"dieta-senza-grassi-italiaans","status":"publish","type":"page","link":"https:\/\/dirkse.eu\/?page_id=288","title":{"rendered":"Dieta senza grassi (Italiaans)"},"content":{"rendered":"<p><em>All&#8217;inizio degli anni Novanta, Koos Dirkse mise insieme una dieta con un certo numero di dietologi, in cui il grasso fu notevolmente ridotto. Questa dieta \u00e8 chiamata &#8220;dieta ospedaliera&#8221; o &#8220;dieta allo yogurt&#8221;. I risultati dopo tre settimane sono fantastici. Se segui rigorosamente la dieta, con un peso iniziale di almeno 85 kg, perderai circa 10 kg dopo tre settimane. Questo \u00e8 il 12% del peso. Ci sono esempi di persone che sono state a dieta per sei mesi (con intervalli) e hanno perso circa 25 kg.<\/em><br \/>\n&nbsp;<br \/>\n<strong>Non posso perdere peso<\/strong><br \/>\nOggi molte persone sono sovrappeso. Come tutti sanno, i primi passi per perdere peso sono molto difficili. Vedete il vostro peso cadere molto lentamente, quindi rialzatevi e pensate: quella crocchetta o quell&#8217;hamburger non importa pi\u00f9 molto.<br \/>\nSembra fastidioso, ma devi davvero uscire da quel circolo vizioso. Se riesci a perdere qualche chilo, il primo passo \u00e8 fatto. Ti muover\u00e0 di pi\u00f9 automaticamente, userai pi\u00f9 muscoli diversi, diventerai pi\u00f9 attivo e lo troverai a un certo punto nel tempo per prendere quel morso grasso o uno spuntino. Allora funzioner\u00e0!<br \/>\n&nbsp;<br \/>\n<strong>Quanto dura questa dieta<\/strong><br \/>\n\u00c8 meglio seguire la dieta per tre settimane. E poi poche settimane solo 1 giorno a settimana. Se vuoi perdere pi\u00f9 peso in seguito, puoi semplicemente riprendere il ciclo di tre settimane. Tuttavia, mantengo un intervallo tra le diete di almeno due mesi.<br \/>\n&nbsp;<br \/>\n<strong>Settimana 1<\/strong><br \/>\nSarebbe particolarmente bello se la bilancia indicasse qualche chilo in meno alla fine della settimana. Quindi pu\u00f2 essere mantenuto e il resto verr\u00e0. Con questa dieta, la dieta \u00e8 abbastanza varia. Non hai bisogno di usare le pillole di hocus pocus, che fanno male alla salute e al portafoglio.<br \/>\nQuesto dura per una settimana e ci sono davvero tre chili. Tuttavia, si raccomanda di bere almeno due litri di acqua al giorno, senza aggiunta.<br \/>\n&nbsp;<br \/>\n<strong>l fine settimana<\/strong><br \/>\nPuoi mangiare nel weekend. Sotto ordinario viene poi capito, non tutta la settimana passata a raggiungere lo snack bar. Uno o due spuntini non possono ferire.<br \/>\n&nbsp;<br \/>\n<strong>Le settimane 2 e 3 vanno come la settimana 1<\/strong><br \/>\nLe prossime due settimane sono identiche alla prima settimana.<br \/>\n&nbsp;<br \/>\n<strong>Dieta<\/strong><br \/>\nNota: la lattuga pu\u00f2 essere preparata con un po &#8216;di sale, aceto e un po&#8217; di olio. Grigliare la carne.<\/p>\n<ul>\n<li>Utilizzare il pasto normale il sabato e la domenica (non esagerato). Caff\u00e8 e t\u00e8 illimitati, senza latte e zucchero<\/li>\n<li>Bere almeno 2 litri di acqua al giorno (senza additivi). Dopo tre settimane hai perso circa 10 kg di peso<\/li>\n<li>Se si desidera mantenere il peso dopo questa dieta, quindi mantenere la dieta il luned\u00ec e mangiare normalmente per il resto della settimana.<\/li>\n<\/ul>\n<p style=\"text-align: center;\"><em><strong>Tenerlo pieno e la tua vita prender\u00e0 una svolta diversa!<\/strong><\/em><\/p>\n<p>&nbsp;<br \/>\nDownload la dieta<a href=\"http:\/\/www.pdfarchief.com\/dieet\/it.pdf\"><img loading=\"lazy\" decoding=\"async\" class=\"size-full wp-image-9 aligncenter\" src=\"http:\/\/medisoft.nl\/wp-content\/uploads\/2018\/06\/MEDISOFT.gif\" alt=\"\" width=\"263\" height=\"121\" \/><br \/>\n<\/a><\/p>\n","protected":false},"excerpt":{"rendered":"<p>All&#8217;inizio degli anni Novanta, Koos Dirkse mise insieme una dieta con un certo numero di dietologi, in cui il grasso fu notevolmente ridotto. Questa dieta \u00e8 chiamata &#8220;dieta ospedaliera&#8221; o &#8220;dieta allo yogurt&#8221;. I risultati dopo tre settimane sono fantastici. &hellip; <a href=\"https:\/\/dirkse.eu\/?page_id=288\">Lees verder <span class=\"meta-nav\">&rarr;<\/span><\/a><\/p>\n","protected":false},"author":2,"featured_media":278,"parent":0,"menu_order":0,"comment_status":"closed","ping_status":"closed","template":"","meta":{"footnotes":""},"_links":{"self":[{"href":"https:\/\/dirkse.eu\/index.php?rest_route=\/wp\/v2\/pages\/288"}],"collection":[{"href":"https:\/\/dirkse.eu\/index.php?rest_route=\/wp\/v2\/pages"}],"about":[{"href":"https:\/\/dirkse.eu\/index.php?rest_route=\/wp\/v2\/types\/page"}],"author":[{"embeddable":true,"href":"https:\/\/dirkse.eu\/index.php?rest_route=\/wp\/v2\/users\/2"}],"replies":[{"embeddable":true,"href":"https:\/\/dirkse.eu\/index.php?rest_route=%2Fwp%2Fv2%2Fcomments&post=288"}],"version-history":[{"count":1,"href":"https:\/\/dirkse.eu\/index.php?rest_route=\/wp\/v2\/pages\/288\/revisions"}],"predecessor-version":[{"id":289,"href":"https:\/\/dirkse.eu\/index.php?rest_route=\/wp\/v2\/pages\/288\/revisions\/289"}],"wp:featuredmedia":[{"embeddable":true,"href":"https:\/\/dirkse.eu\/index.php?rest_route=\/wp\/v2\/media\/278"}],"wp:attachment":[{"href":"https:\/\/dirkse.eu\/index.php?rest_route=%2Fwp%2Fv2%2Fmedia&parent=288"}],"curies":[{"name":"wp","href":"https:\/\/api.w.org\/{rel}","templated":true}]}}